{"id":1402,"date":"2022-01-28T09:12:51","date_gmt":"2022-01-28T09:12:51","guid":{"rendered":"https:\/\/www.fleursglamour.ca\/mariage\/"},"modified":"2022-03-09T10:16:24","modified_gmt":"2022-03-09T15:16:24","slug":"mariage","status":"publish","type":"page","link":"https:\/\/www.fleursglamour.ca\/en\/mariage\/","title":{"rendered":"Marriage"},"content":{"rendered":"\r\n<h4>\r\n\t\tFleurs\r\n\t<\/h4>\r\n<h1>\r\n\t\tPour toutes les occasions, une touch de couleur\r\n\t<\/h1>\r\n\t\n<!--  -->\n<div class=\"mr_slider_column\">\n\n    <div class=\"marriage_slider\">\n                                    \n                <div class=\"slide_img\">\n                    <img src=\"https:\/\/www.fleursglamour.ca\/wp-content\/uploads\/2022\/01\/contact-page-jpg-1.jpg\" \/>\n                <\/div>\n                \n                            \n                <div class=\"slide_img\">\n                    <img src=\"https:\/\/www.fleursglamour.ca\/wp-content\/uploads\/2022\/01\/contact-page-jpg-1.jpg\" \/>\n                <\/div>\n                \n            \n            <\/div>   \n    <div class=\"slick_right_arrows\">\n        <span><i class=\"fas fa-chevron-left\"><\/i><\/span>\n        <span class=\"add_line_right\"><i class=\"fas fa-chevron-right\"><\/i><\/span>\n\t<\/div> \n\n<\/div> \r\n\t<div class=\"frm_forms  with_frm_style frm_style_formidable-style\" id=\"frm_form_4_container\" data-token=\"38673fd3292eae0f12fcb679e851280f\">\n<form enctype=\"multipart\/form-data\" method=\"post\" class=\"frm-show-form  frm_pro_form \" id=\"form_mariageform\"  data-token=\"38673fd3292eae0f12fcb679e851280f\">\n<div class=\"frm_form_fields \">\n<fieldset>\n<legend class=\"frm_screen_reader\">Mariage form<\/legend>\r\n\r\n<div class=\"frm_fields_container\">\n<input type=\"hidden\" name=\"frm_action\" value=\"create\" \/>\n<input type=\"hidden\" name=\"form_id\" value=\"4\" \/>\n<input type=\"hidden\" name=\"frm_hide_fields_4\" id=\"frm_hide_fields_4\" value=\"\" \/>\n<input type=\"hidden\" name=\"form_key\" value=\"mariageform\" \/>\n<input type=\"hidden\" name=\"item_meta[0]\" value=\"\" \/>\n<input type=\"hidden\" id=\"frm_submit_entry_4\" name=\"frm_submit_entry_4\" value=\"a223a62160\" \/><input type=\"hidden\" name=\"_wp_http_referer\" value=\"\/en\/wp-json\/wp\/v2\/pages\/1402\" \/><div id=\"frm_field_43_container\" class=\"frm_form_field  frm_heading_block frm_html_container form-field\">\n<h2 style=\"text-align: center;\">Informations personnelles<\/h2>\n<\/div>\n<div id=\"frm_field_23_container\" class=\"frm_form_field frm_section_heading form-field  frm_top_section frm_hide_section\">\r\n<h3 class=\"frm_pos_none frm_section_spacing\"><\/h3>\r\n\r\n\r\n<div id=\"frm_field_39_container\" class=\"frm_form_field form-field  frm_required_field frm_top_container frm6 frm_first\">\r\n    <label for=\"field_goivc\" id=\"field_goivc_label\" class=\"frm_primary_label\">Votre nom et pr\u00e9nom(requis)\r\n        <span class=\"frm_required\" aria-hidden=\"true\">*<\/span>\r\n    <\/label>\r\n    <input type=\"text\" id=\"field_goivc\" name=\"item_meta[39]\" value=\"\"  data-sectionid=\"23\" data-reqmsg=\"This field cannot be blank.\" aria-required=\"true\" data-invmsg=\"Text is invalid\" aria-invalid=\"false\"  \/>\r\n    \r\n    \r\n<\/div>\n<div id=\"frm_field_40_container\" class=\"frm_form_field form-field  frm_required_field frm_top_container frm6\">\r\n    <label for=\"field_ildsm\" id=\"field_ildsm_label\" class=\"frm_primary_label\">Votre adresse courriel (requis)\r\n        <span class=\"frm_required\" aria-hidden=\"true\">*<\/span>\r\n    <\/label>\r\n    <input type=\"text\" id=\"field_ildsm\" name=\"item_meta[40]\" value=\"\"  data-sectionid=\"23\" data-reqmsg=\"This field cannot be blank.\" aria-required=\"true\" data-invmsg=\"Text is invalid\" aria-invalid=\"false\"  \/>\r\n    \r\n    \r\n<\/div>\n<div id=\"frm_field_41_container\" class=\"frm_form_field form-field  frm_top_container\">\r\n    <label for=\"field_r2jlg\" id=\"field_r2jlg_label\" class=\"frm_primary_label\">Votre num\u00e9ro de t\u00e9l\u00e9phone (requis)\r\n        <span class=\"frm_required\" aria-hidden=\"true\"><\/span>\r\n    <\/label>\r\n    <input type=\"tel\" id=\"field_r2jlg\" name=\"item_meta[41]\" value=\"\"  data-sectionid=\"23\" data-invmsg=\"Phone is invalid\" aria-invalid=\"false\" pattern=\"((\\+\\d{1,3}(-|.| )?\\(?\\d\\)?(-| |.)?\\d{1,5})|(\\(?\\d{2,6}\\)?))(-|.| )?(\\d{3,4})(-|.| )?(\\d{4})(( x| ext)\\d{1,5}){0,1}$\"  \/>\r\n    \r\n    \r\n<\/div>\n<\/div>\n<div id=\"frm_field_42_container\" class=\"frm_form_field  frm_heading_block frm_html_container form-field\">\n<h2 style=\"text-align: center;\">A propos du mariage<\/h2>\n<\/div>\n<div id=\"frm_field_28_container\" class=\"frm_form_field frm_section_heading form-field  frm_bottom_section frm_hide_section\">\r\n<h3 class=\"frm_pos_none frm_section_spacing\"><\/h3>\r\n\r\n\r\n<div id=\"frm_field_32_container\" class=\"frm_form_field form-field  frm_top_container frm6 frm_first\">\r\n    <label for=\"field_gsbqo\" id=\"field_gsbqo_label\" class=\"frm_primary_label\">Nom de la mari\u00e9e\r\n        <span class=\"frm_required\" aria-hidden=\"true\"><\/span>\r\n    <\/label>\r\n    <input type=\"text\" id=\"field_gsbqo\" name=\"item_meta[32]\" value=\"\"  data-sectionid=\"28\" data-invmsg=\"Text is invalid\" aria-invalid=\"false\"  \/>\r\n    \r\n    \r\n<\/div>\n<div id=\"frm_field_33_container\" class=\"frm_form_field form-field  frm_top_container frm6\">\r\n    <label for=\"field_u28u7\" id=\"field_u28u7_label\" class=\"frm_primary_label\">Nom du mari\u00e9\r\n        <span class=\"frm_required\" aria-hidden=\"true\"><\/span>\r\n    <\/label>\r\n    <input type=\"text\" id=\"field_u28u7\" name=\"item_meta[33]\" value=\"\"  data-sectionid=\"28\" data-invmsg=\"Text is invalid\" aria-invalid=\"false\"  \/>\r\n    \r\n    \r\n<\/div>\n<div id=\"frm_field_34_container\" class=\"frm_form_field form-field  frm_top_container frm6 frm_first\">\r\n    <label for=\"field_5hm6z\" id=\"field_5hm6z_label\" class=\"frm_primary_label\">Date de mariage\r\n        <span class=\"frm_required\" aria-hidden=\"true\"><\/span>\r\n    <\/label>\r\n    <input type=\"text\" id=\"field_5hm6z\" name=\"item_meta[34]\" value=\"\"  data-sectionid=\"28\" maxlength=\"10\" data-invmsg=\"Date is invalid\" class=\"frm_date\" aria-invalid=\"false\"  \/>\r\n    \r\n    \r\n<\/div>\n<div id=\"frm_field_35_container\" class=\"frm_form_field form-field  frm_top_container frm6\">\r\n    <label for=\"field_l70br\" id=\"field_l70br_label\" class=\"frm_primary_label\">Budget\r\n        <span class=\"frm_required\" aria-hidden=\"true\"><\/span>\r\n    <\/label>\r\n    <input type=\"number\" id=\"field_l70br\" name=\"item_meta[35]\" value=\"\"  data-sectionid=\"28\" data-invmsg=\"Number is invalid\" aria-invalid=\"false\"   min=\"0\" max=\"9999999\" step=\"any\"\/>\r\n    \r\n    \r\n<\/div>\n<div id=\"frm_field_37_container\" class=\"frm_form_field form-field  frm_top_container frm6 frm_first\">\r\n    <label for=\"field_t054q\" id=\"field_t054q_label\" class=\"frm_primary_label\">Lieu de r\u00e9ception\r\n        <span class=\"frm_required\" aria-hidden=\"true\"><\/span>\r\n    <\/label>\r\n    <input type=\"text\" id=\"field_t054q\" name=\"item_meta[37]\" value=\"\"  data-sectionid=\"28\" data-invmsg=\"Text is invalid\" aria-invalid=\"false\"  \/>\r\n    \r\n    \r\n<\/div>\n<div id=\"frm_field_38_container\" class=\"frm_form_field form-field  frm_top_container frm6\">\r\n    <label for=\"field_wxnt3\" id=\"field_wxnt3_label\" class=\"frm_primary_label\">Lieu de c\u00e9r\u00e9monie\r\n        <span class=\"frm_required\" aria-hidden=\"true\"><\/span>\r\n    <\/label>\r\n    <input type=\"text\" id=\"field_wxnt3\" name=\"item_meta[38]\" value=\"\"  data-sectionid=\"28\" data-invmsg=\"Text is invalid\" aria-invalid=\"false\"  \/>\r\n    \r\n    \r\n<\/div>\n<\/div>\n<div id=\"frm_field_80_container\" class=\"frm_form_field form-field  frm_none_container\">\r\n    <label for=\"g-recaptcha-response\" id=\"field_5zf58_label\" class=\"frm_primary_label\">Captcha\r\n        <span class=\"frm_required\" aria-hidden=\"true\"><\/span>\r\n    <\/label>\r\n    <div id=\"field_5zf58\" class=\"frm-g-recaptcha\" data-sitekey=\"6LfRa8IqAAAAAJtAgfj9LfnxUgdrjuZs0omtBJmO\" data-size=\"invisible\" data-theme=\"light\"><\/div>\r\n    \r\n    \r\n<\/div>\n\t<input type=\"hidden\" name=\"item_key\" value=\"\" \/>\n\t\t\t\t<div class=\"frm_verify\" >\n\t\t\t\t<label for=\"frm_email_4\">\n\t\t\t\t\tIf you are human, leave this field blank.\t\t\t\t<\/label>\n\t\t\t\t<input type=\"email\" class=\"frm_verify\" id=\"frm_email_4\" name=\"frm_verify\" value=\"\"  \/>\n\t\t\t<\/div>\n\t\t<input name=\"frm_state\" type=\"hidden\" value=\"YfYOCkD5Et7cupxUP2RekrBa1gkAOyS8MWuV6Z+TwPc=\" \/><div class=\"frm_submit\">\r\n\r\n<button class=\"frm_button_submit frm_final_submit\" type=\"submit\"  >Envoyer<\/button>\r\n\r\n<\/div><\/div>\n<\/fieldset>\n<\/div>\n<\/form>\n<\/div>\n\r\n\r\n","protected":false},"excerpt":{"rendered":"<p>Fleurs Pour toutes les occasions, une touch de couleur<\/p>\n","protected":false},"author":1,"featured_media":0,"parent":0,"menu_order":0,"comment_status":"closed","ping_status":"closed","template":"","meta":[],"yoast_head":"<!-- This site is optimized with the Yoast SEO plugin v20.9 - https:\/\/yoast.com\/wordpress\/plugins\/seo\/ -->\n<title>Marriage - Fleurs Glamour<\/title>\n<meta name=\"robots\" content=\"index, follow, max-snippet:-1, max-image-preview:large, max-video-preview:-1\" \/>\n<link rel=\"canonical\" href=\"https:\/\/www.fleursglamour.ca\/en\/mariage\/\" \/>\n<meta property=\"og:locale\" content=\"en_US\" \/>\n<meta property=\"og:type\" content=\"article\" \/>\n<meta property=\"og:title\" content=\"Marriage - Fleurs Glamour\" \/>\n<meta property=\"og:description\" content=\"Fleurs Pour toutes les occasions, une touch de couleur\" \/>\n<meta property=\"og:url\" content=\"https:\/\/www.fleursglamour.ca\/en\/mariage\/\" \/>\n<meta property=\"og:site_name\" content=\"Fleurs Glamour\" \/>\n<meta property=\"article:modified_time\" content=\"2022-03-09T15:16:24+00:00\" \/>\n<meta name=\"twitter:card\" content=\"summary_large_image\" \/>\n<script type=\"application\/ld+json\" class=\"yoast-schema-graph\">{\"@context\":\"https:\/\/schema.org\",\"@graph\":[{\"@type\":\"WebPage\",\"@id\":\"https:\/\/www.fleursglamour.ca\/en\/mariage\/\",\"url\":\"https:\/\/www.fleursglamour.ca\/en\/mariage\/\",\"name\":\"Marriage - Fleurs Glamour\",\"isPartOf\":{\"@id\":\"https:\/\/www.fleursglamour.ca\/#website\"},\"datePublished\":\"2022-01-28T09:12:51+00:00\",\"dateModified\":\"2022-03-09T15:16:24+00:00\",\"breadcrumb\":{\"@id\":\"https:\/\/www.fleursglamour.ca\/en\/mariage\/#breadcrumb\"},\"inLanguage\":\"en-US\",\"potentialAction\":[{\"@type\":\"ReadAction\",\"target\":[\"https:\/\/www.fleursglamour.ca\/en\/mariage\/\"]}]},{\"@type\":\"BreadcrumbList\",\"@id\":\"https:\/\/www.fleursglamour.ca\/en\/mariage\/#breadcrumb\",\"itemListElement\":[{\"@type\":\"ListItem\",\"position\":1,\"name\":\"Home\",\"item\":\"https:\/\/www.fleursglamour.ca\/en\/\"},{\"@type\":\"ListItem\",\"position\":2,\"name\":\"Marriage\"}]},{\"@type\":\"WebSite\",\"@id\":\"https:\/\/www.fleursglamour.ca\/#website\",\"url\":\"https:\/\/www.fleursglamour.ca\/\",\"name\":\"Fleurs Glamour\",\"description\":\"Fleurs Glamour\",\"publisher\":{\"@id\":\"https:\/\/www.fleursglamour.ca\/#organization\"},\"potentialAction\":[{\"@type\":\"SearchAction\",\"target\":{\"@type\":\"EntryPoint\",\"urlTemplate\":\"https:\/\/www.fleursglamour.ca\/?s={search_term_string}\"},\"query-input\":\"required name=search_term_string\"}],\"inLanguage\":\"en-US\"},{\"@type\":\"Organization\",\"@id\":\"https:\/\/www.fleursglamour.ca\/#organization\",\"name\":\"Fleurs Glamour\",\"url\":\"https:\/\/www.fleursglamour.ca\/\",\"logo\":{\"@type\":\"ImageObject\",\"inLanguage\":\"en-US\",\"@id\":\"https:\/\/www.fleursglamour.ca\/#\/schema\/logo\/image\/\",\"url\":\"https:\/\/www.fleursglamour.ca\/wp-content\/uploads\/2022\/03\/favicon.png\",\"contentUrl\":\"https:\/\/www.fleursglamour.ca\/wp-content\/uploads\/2022\/03\/favicon.png\",\"width\":270,\"height\":270,\"caption\":\"Fleurs Glamour\"},\"image\":{\"@id\":\"https:\/\/www.fleursglamour.ca\/#\/schema\/logo\/image\/\"}}]}<\/script>\n<!-- \/ Yoast SEO plugin. -->","yoast_head_json":{"title":"Marriage - Fleurs Glamour","robots":{"index":"index","follow":"follow","max-snippet":"max-snippet:-1","max-image-preview":"max-image-preview:large","max-video-preview":"max-video-preview:-1"},"canonical":"https:\/\/www.fleursglamour.ca\/en\/mariage\/","og_locale":"en_US","og_type":"article","og_title":"Marriage - Fleurs Glamour","og_description":"Fleurs Pour toutes les occasions, une touch de couleur","og_url":"https:\/\/www.fleursglamour.ca\/en\/mariage\/","og_site_name":"Fleurs Glamour","article_modified_time":"2022-03-09T15:16:24+00:00","twitter_card":"summary_large_image","schema":{"@context":"https:\/\/schema.org","@graph":[{"@type":"WebPage","@id":"https:\/\/www.fleursglamour.ca\/en\/mariage\/","url":"https:\/\/www.fleursglamour.ca\/en\/mariage\/","name":"Marriage - Fleurs Glamour","isPartOf":{"@id":"https:\/\/www.fleursglamour.ca\/#website"},"datePublished":"2022-01-28T09:12:51+00:00","dateModified":"2022-03-09T15:16:24+00:00","breadcrumb":{"@id":"https:\/\/www.fleursglamour.ca\/en\/mariage\/#breadcrumb"},"inLanguage":"en-US","potentialAction":[{"@type":"ReadAction","target":["https:\/\/www.fleursglamour.ca\/en\/mariage\/"]}]},{"@type":"BreadcrumbList","@id":"https:\/\/www.fleursglamour.ca\/en\/mariage\/#breadcrumb","itemListElement":[{"@type":"ListItem","position":1,"name":"Home","item":"https:\/\/www.fleursglamour.ca\/en\/"},{"@type":"ListItem","position":2,"name":"Marriage"}]},{"@type":"WebSite","@id":"https:\/\/www.fleursglamour.ca\/#website","url":"https:\/\/www.fleursglamour.ca\/","name":"Fleurs Glamour","description":"Fleurs Glamour","publisher":{"@id":"https:\/\/www.fleursglamour.ca\/#organization"},"potentialAction":[{"@type":"SearchAction","target":{"@type":"EntryPoint","urlTemplate":"https:\/\/www.fleursglamour.ca\/?s={search_term_string}"},"query-input":"required name=search_term_string"}],"inLanguage":"en-US"},{"@type":"Organization","@id":"https:\/\/www.fleursglamour.ca\/#organization","name":"Fleurs Glamour","url":"https:\/\/www.fleursglamour.ca\/","logo":{"@type":"ImageObject","inLanguage":"en-US","@id":"https:\/\/www.fleursglamour.ca\/#\/schema\/logo\/image\/","url":"https:\/\/www.fleursglamour.ca\/wp-content\/uploads\/2022\/03\/favicon.png","contentUrl":"https:\/\/www.fleursglamour.ca\/wp-content\/uploads\/2022\/03\/favicon.png","width":270,"height":270,"caption":"Fleurs Glamour"},"image":{"@id":"https:\/\/www.fleursglamour.ca\/#\/schema\/logo\/image\/"}}]}},"_links":{"self":[{"href":"https:\/\/www.fleursglamour.ca\/en\/wp-json\/wp\/v2\/pages\/1402"}],"collection":[{"href":"https:\/\/www.fleursglamour.ca\/en\/wp-json\/wp\/v2\/pages"}],"about":[{"href":"https:\/\/www.fleursglamour.ca\/en\/wp-json\/wp\/v2\/types\/page"}],"author":[{"embeddable":true,"href":"https:\/\/www.fleursglamour.ca\/en\/wp-json\/wp\/v2\/users\/1"}],"replies":[{"embeddable":true,"href":"https:\/\/www.fleursglamour.ca\/en\/wp-json\/wp\/v2\/comments?post=1402"}],"version-history":[{"count":2,"href":"https:\/\/www.fleursglamour.ca\/en\/wp-json\/wp\/v2\/pages\/1402\/revisions"}],"predecessor-version":[{"id":1404,"href":"https:\/\/www.fleursglamour.ca\/en\/wp-json\/wp\/v2\/pages\/1402\/revisions\/1404"}],"wp:attachment":[{"href":"https:\/\/www.fleursglamour.ca\/en\/wp-json\/wp\/v2\/media?parent=1402"}],"curies":[{"name":"wp","href":"https:\/\/api.w.org\/{rel}","templated":true}]}}